{"id":617,"date":"2024-05-24T21:06:56","date_gmt":"2024-05-24T19:06:56","guid":{"rendered":"https:\/\/www.klartilhealing.dk\/?post_type=product&#038;p=617"},"modified":"2024-06-01T17:32:12","modified_gmt":"2024-06-01T15:32:12","slug":"clairvoyance","status":"publish","type":"product","link":"https:\/\/www.klartilhealing.dk\/index.php\/vare\/clairvoyance\/","title":{"rendered":"Clairvoyance"},"content":{"rendered":"<p>Til tider er det sv\u00e6rt at h\u00f8re ens egen indre stemme eller m\u00e6rke ens \u00f8nsker. Du f\u00f8ler dig m\u00e5ske r\u00e5dvild og handlingslammet og du ved ikke, hvad n\u00e6ste skridt skal v\u00e6re. Her kan en clairvoyance hj\u00e6lpe, s\u00e5 du kommer tilbage til dig selv, din egen retning og dine egne behov.\u00a0<\/p>\n<p>Ved en clairvoyance tuner jeg ind p\u00e5 dine energier, for at f\u00e5 at vide, hvilke emner der skal vendes og hvad den anden side har p\u00e5 hjertet for at guide dig i dit liv. Vi s\u00e6tter fokus p\u00e5 dig, dit liv og de udfordringer og muligheder, som ligger p\u00e5 din vej.<\/p>\n","protected":false},"excerpt":{"rendered":"<p><strong>Sted:<\/strong> Hos &#8220;Klar til Healing&#8221; i Odense M eller online<br \/><strong>Tidspunkt:<\/strong> N\u00e5r du booker tid via <a href=\"tel:60842507\">opkald\/sms<\/a> eller <a href=\"mailto:info@klartilhealing.dk\">e-mail<\/a><br \/><strong>Varighed:<\/strong> Omtrent 90 min. <\/p>\n","protected":false},"featured_media":618,"template":"","meta":{"_kad_post_transparent":"","_kad_post_title":"","_kad_post_layout":"","_kad_post_sidebar_id":"","_kad_post_content_style":"","_kad_post_vertical_padding":"","_kad_post_feature":"","_kad_post_feature_position":"","_kad_post_header":false,"_kad_post_footer":false,"_kad_post_classname":""},"product_brand":[],"product_cat":[52],"product_tag":[],"class_list":{"0":"post-617","1":"product","2":"type-product","3":"status-publish","4":"has-post-thumbnail","6":"product_cat-formidling-1-1","8":"first","9":"instock","10":"virtual","11":"taxable","12":"purchasable","13":"product-type-simple","14":"entry","15":"content-bg","16":"loop-entry"},"yoast_head":"<!-- This site is optimized with the Yoast SEO plugin v27.3 - https:\/\/yoast.com\/product\/yoast-seo-wordpress\/ -->\n<title>Clairvoyance - Klar til healing<\/title>\n<meta name=\"description\" content=\"Clairvoyance Klar til healing %\" \/>\n<meta name=\"robots\" content=\"index, follow, max-snippet:-1, max-image-preview:large, max-video-preview:-1\" \/>\n<link rel=\"canonical\" href=\"https:\/\/www.klartilhealing.dk\/index.php\/vare\/clairvoyance\/\" \/>\n<meta property=\"og:locale\" content=\"da_DK\" \/>\n<meta property=\"og:type\" content=\"article\" \/>\n<meta property=\"og:title\" content=\"Clairvoyance - Klar til healing\" \/>\n<meta property=\"og:description\" content=\"Clairvoyance Klar til healing %\" \/>\n<meta property=\"og:url\" content=\"https:\/\/www.klartilhealing.dk\/index.php\/vare\/clairvoyance\/\" \/>\n<meta property=\"og:site_name\" content=\"Klar til healing\" \/>\n<meta property=\"article:publisher\" content=\"https:\/\/www.facebook.com\/klartilhealing\" \/>\n<meta property=\"article:modified_time\" content=\"2024-06-01T15:32:12+00:00\" \/>\n<meta property=\"og:image\" content=\"https:\/\/www.klartilhealing.dk\/wp-content\/uploads\/2024\/05\/Veje-min.jpg\" \/>\n\t<meta property=\"og:image:width\" content=\"600\" \/>\n\t<meta property=\"og:image:height\" content=\"600\" \/>\n\t<meta property=\"og:image:type\" content=\"image\/jpeg\" \/>\n<meta name=\"twitter:card\" content=\"summary_large_image\" \/>\n<meta name=\"twitter:label1\" content=\"Estimeret l\u00e6setid\" \/>\n\t<meta name=\"twitter:data1\" content=\"1 minut\" \/>\n<script type=\"application\/ld+json\" class=\"yoast-schema-graph\">{\"@context\":\"https:\\\/\\\/schema.org\",\"@graph\":[{\"@type\":\"WebPage\",\"@id\":\"https:\\\/\\\/www.klartilhealing.dk\\\/index.php\\\/vare\\\/clairvoyance\\\/\",\"url\":\"https:\\\/\\\/www.klartilhealing.dk\\\/index.php\\\/vare\\\/clairvoyance\\\/\",\"name\":\"Clairvoyance - Klar til healing\",\"isPartOf\":{\"@id\":\"https:\\\/\\\/www.klartilhealing.dk\\\/#website\"},\"primaryImageOfPage\":{\"@id\":\"https:\\\/\\\/www.klartilhealing.dk\\\/index.php\\\/vare\\\/clairvoyance\\\/#primaryimage\"},\"image\":{\"@id\":\"https:\\\/\\\/www.klartilhealing.dk\\\/index.php\\\/vare\\\/clairvoyance\\\/#primaryimage\"},\"thumbnailUrl\":\"https:\\\/\\\/www.klartilhealing.dk\\\/wp-content\\\/uploads\\\/2024\\\/05\\\/Veje-min.jpg\",\"datePublished\":\"2024-05-24T19:06:56+00:00\",\"dateModified\":\"2024-06-01T15:32:12+00:00\",\"description\":\"Clairvoyance Klar til healing %\",\"breadcrumb\":{\"@id\":\"https:\\\/\\\/www.klartilhealing.dk\\\/index.php\\\/vare\\\/clairvoyance\\\/#breadcrumb\"},\"inLanguage\":\"da-DK\",\"potentialAction\":[{\"@type\":\"ReadAction\",\"target\":[\"https:\\\/\\\/www.klartilhealing.dk\\\/index.php\\\/vare\\\/clairvoyance\\\/\"]}]},{\"@type\":\"ImageObject\",\"inLanguage\":\"da-DK\",\"@id\":\"https:\\\/\\\/www.klartilhealing.dk\\\/index.php\\\/vare\\\/clairvoyance\\\/#primaryimage\",\"url\":\"https:\\\/\\\/www.klartilhealing.dk\\\/wp-content\\\/uploads\\\/2024\\\/05\\\/Veje-min.jpg\",\"contentUrl\":\"https:\\\/\\\/www.klartilhealing.dk\\\/wp-content\\\/uploads\\\/2024\\\/05\\\/Veje-min.jpg\",\"width\":600,\"height\":600,\"caption\":\"Tilvokset asfaltvej\"},{\"@type\":\"BreadcrumbList\",\"@id\":\"https:\\\/\\\/www.klartilhealing.dk\\\/index.php\\\/vare\\\/clairvoyance\\\/#breadcrumb\",\"itemListElement\":[{\"@type\":\"ListItem\",\"position\":1,\"name\":\"Hjem\",\"item\":\"https:\\\/\\\/www.klartilhealing.dk\\\/\"},{\"@type\":\"ListItem\",\"position\":2,\"name\":\"BUTIK\",\"item\":\"https:\\\/\\\/www.klartilhealing.dk\\\/index.php\\\/butik\\\/\"},{\"@type\":\"ListItem\",\"position\":3,\"name\":\"Clairvoyance\"}]},{\"@type\":\"WebSite\",\"@id\":\"https:\\\/\\\/www.klartilhealing.dk\\\/#website\",\"url\":\"https:\\\/\\\/www.klartilhealing.dk\\\/\",\"name\":\"Klar til healing\",\"description\":\"Christina Diddi Adolph\",\"publisher\":{\"@id\":\"https:\\\/\\\/www.klartilhealing.dk\\\/#organization\"},\"potentialAction\":[{\"@type\":\"SearchAction\",\"target\":{\"@type\":\"EntryPoint\",\"urlTemplate\":\"https:\\\/\\\/www.klartilhealing.dk\\\/?s={search_term_string}\"},\"query-input\":{\"@type\":\"PropertyValueSpecification\",\"valueRequired\":true,\"valueName\":\"search_term_string\"}}],\"inLanguage\":\"da-DK\"},{\"@type\":\"Organization\",\"@id\":\"https:\\\/\\\/www.klartilhealing.dk\\\/#organization\",\"name\":\"Klar til healing\",\"alternateName\":\"Christina Diddi Adolph\",\"url\":\"https:\\\/\\\/www.klartilhealing.dk\\\/\",\"logo\":{\"@type\":\"ImageObject\",\"inLanguage\":\"da-DK\",\"@id\":\"https:\\\/\\\/www.klartilhealing.dk\\\/#\\\/schema\\\/logo\\\/image\\\/\",\"url\":\"https:\\\/\\\/www.klartilhealing.dk\\\/wp-content\\\/uploads\\\/2024\\\/05\\\/cropped-Transperant-logo-med-prikker.png\",\"contentUrl\":\"https:\\\/\\\/www.klartilhealing.dk\\\/wp-content\\\/uploads\\\/2024\\\/05\\\/cropped-Transperant-logo-med-prikker.png\",\"width\":512,\"height\":512,\"caption\":\"Klar til healing\"},\"image\":{\"@id\":\"https:\\\/\\\/www.klartilhealing.dk\\\/#\\\/schema\\\/logo\\\/image\\\/\"},\"sameAs\":[\"https:\\\/\\\/www.facebook.com\\\/klartilhealing\"]}]}<\/script>\n<!-- \/ Yoast SEO plugin. -->","yoast_head_json":{"title":"Clairvoyance - Klar til healing","description":"Clairvoyance Klar til healing %","robots":{"index":"index","follow":"follow","max-snippet":"max-snippet:-1","max-image-preview":"max-image-preview:large","max-video-preview":"max-video-preview:-1"},"canonical":"https:\/\/www.klartilhealing.dk\/index.php\/vare\/clairvoyance\/","og_locale":"da_DK","og_type":"article","og_title":"Clairvoyance - Klar til healing","og_description":"Clairvoyance Klar til healing %","og_url":"https:\/\/www.klartilhealing.dk\/index.php\/vare\/clairvoyance\/","og_site_name":"Klar til healing","article_publisher":"https:\/\/www.facebook.com\/klartilhealing","article_modified_time":"2024-06-01T15:32:12+00:00","og_image":[{"width":600,"height":600,"url":"https:\/\/www.klartilhealing.dk\/wp-content\/uploads\/2024\/05\/Veje-min.jpg","type":"image\/jpeg"}],"twitter_card":"summary_large_image","twitter_misc":{"Estimeret l\u00e6setid":"1 minut"},"schema":{"@context":"https:\/\/schema.org","@graph":[{"@type":"WebPage","@id":"https:\/\/www.klartilhealing.dk\/index.php\/vare\/clairvoyance\/","url":"https:\/\/www.klartilhealing.dk\/index.php\/vare\/clairvoyance\/","name":"Clairvoyance - Klar til healing","isPartOf":{"@id":"https:\/\/www.klartilhealing.dk\/#website"},"primaryImageOfPage":{"@id":"https:\/\/www.klartilhealing.dk\/index.php\/vare\/clairvoyance\/#primaryimage"},"image":{"@id":"https:\/\/www.klartilhealing.dk\/index.php\/vare\/clairvoyance\/#primaryimage"},"thumbnailUrl":"https:\/\/www.klartilhealing.dk\/wp-content\/uploads\/2024\/05\/Veje-min.jpg","datePublished":"2024-05-24T19:06:56+00:00","dateModified":"2024-06-01T15:32:12+00:00","description":"Clairvoyance Klar til healing %","breadcrumb":{"@id":"https:\/\/www.klartilhealing.dk\/index.php\/vare\/clairvoyance\/#breadcrumb"},"inLanguage":"da-DK","potentialAction":[{"@type":"ReadAction","target":["https:\/\/www.klartilhealing.dk\/index.php\/vare\/clairvoyance\/"]}]},{"@type":"ImageObject","inLanguage":"da-DK","@id":"https:\/\/www.klartilhealing.dk\/index.php\/vare\/clairvoyance\/#primaryimage","url":"https:\/\/www.klartilhealing.dk\/wp-content\/uploads\/2024\/05\/Veje-min.jpg","contentUrl":"https:\/\/www.klartilhealing.dk\/wp-content\/uploads\/2024\/05\/Veje-min.jpg","width":600,"height":600,"caption":"Tilvokset asfaltvej"},{"@type":"BreadcrumbList","@id":"https:\/\/www.klartilhealing.dk\/index.php\/vare\/clairvoyance\/#breadcrumb","itemListElement":[{"@type":"ListItem","position":1,"name":"Hjem","item":"https:\/\/www.klartilhealing.dk\/"},{"@type":"ListItem","position":2,"name":"BUTIK","item":"https:\/\/www.klartilhealing.dk\/index.php\/butik\/"},{"@type":"ListItem","position":3,"name":"Clairvoyance"}]},{"@type":"WebSite","@id":"https:\/\/www.klartilhealing.dk\/#website","url":"https:\/\/www.klartilhealing.dk\/","name":"Klar til healing","description":"Christina Diddi Adolph","publisher":{"@id":"https:\/\/www.klartilhealing.dk\/#organization"},"potentialAction":[{"@type":"SearchAction","target":{"@type":"EntryPoint","urlTemplate":"https:\/\/www.klartilhealing.dk\/?s={search_term_string}"},"query-input":{"@type":"PropertyValueSpecification","valueRequired":true,"valueName":"search_term_string"}}],"inLanguage":"da-DK"},{"@type":"Organization","@id":"https:\/\/www.klartilhealing.dk\/#organization","name":"Klar til healing","alternateName":"Christina Diddi Adolph","url":"https:\/\/www.klartilhealing.dk\/","logo":{"@type":"ImageObject","inLanguage":"da-DK","@id":"https:\/\/www.klartilhealing.dk\/#\/schema\/logo\/image\/","url":"https:\/\/www.klartilhealing.dk\/wp-content\/uploads\/2024\/05\/cropped-Transperant-logo-med-prikker.png","contentUrl":"https:\/\/www.klartilhealing.dk\/wp-content\/uploads\/2024\/05\/cropped-Transperant-logo-med-prikker.png","width":512,"height":512,"caption":"Klar til healing"},"image":{"@id":"https:\/\/www.klartilhealing.dk\/#\/schema\/logo\/image\/"},"sameAs":["https:\/\/www.facebook.com\/klartilhealing"]}]}},"_links":{"self":[{"href":"https:\/\/www.klartilhealing.dk\/index.php\/wp-json\/wp\/v2\/product\/617","targetHints":{"allow":["GET"]}}],"collection":[{"href":"https:\/\/www.klartilhealing.dk\/index.php\/wp-json\/wp\/v2\/product"}],"about":[{"href":"https:\/\/www.klartilhealing.dk\/index.php\/wp-json\/wp\/v2\/types\/product"}],"wp:featuredmedia":[{"embeddable":true,"href":"https:\/\/www.klartilhealing.dk\/index.php\/wp-json\/wp\/v2\/media\/618"}],"wp:attachment":[{"href":"https:\/\/www.klartilhealing.dk\/index.php\/wp-json\/wp\/v2\/media?parent=617"}],"wp:term":[{"taxonomy":"product_brand","embeddable":true,"href":"https:\/\/www.klartilhealing.dk\/index.php\/wp-json\/wp\/v2\/product_brand?post=617"},{"taxonomy":"product_cat","embeddable":true,"href":"https:\/\/www.klartilhealing.dk\/index.php\/wp-json\/wp\/v2\/product_cat?post=617"},{"taxonomy":"product_tag","embeddable":true,"href":"https:\/\/www.klartilhealing.dk\/index.php\/wp-json\/wp\/v2\/product_tag?post=617"}],"curies":[{"name":"wp","href":"https:\/\/api.w.org\/{rel}","templated":true}]}}