{"id":611,"date":"2024-05-24T19:35:39","date_gmt":"2024-05-24T17:35:39","guid":{"rendered":"https:\/\/www.klartilhealing.dk\/?post_type=product&#038;p=611"},"modified":"2025-12-27T23:59:20","modified_gmt":"2025-12-27T21:59:20","slug":"spirituel-samtale-2","status":"publish","type":"product","link":"https:\/\/www.klartilhealing.dk\/index.php\/vare\/spirituel-samtale-2\/","title":{"rendered":"Spirituel samtale, f\u00f8rste gang"},"content":{"rendered":"<p>Vi ser p\u00e5 dit liv fra en spirituelt vinkel, og ser hvad det har bragt dig, og hvorfor du st\u00e5r hvor du st\u00e5r. <\/p>\n<p>Spirituelle samtaler er for dig, der gerne vil hele vejen rundt, og have et helhedsbillede af dit liv. <br \/>Du har lyst til at blive klogere p\u00e5 dig selv, og er m\u00e5ske allerede i udvikling omkring dig og dit liv. <\/p>\n<p>Undervejs l\u00e6rer du dig selv bedre at kende, og har mulighed for at \u00e6ndre de ting du \u00f8nsker imens der er fokus og st\u00f8tte p\u00e5 dig. <br \/>Du f\u00e5r ogs\u00e5 belyst de ting, der er sket i dit liv, ud fra en spirituel vinkel. <\/p>\n<p>Du kan v\u00e6lge en enkelt samtale, hvor du f\u00e5r svar p\u00e5 dine sp\u00f8rgsm\u00e5l, eller v\u00e6lger at have en r\u00e6kke samtaler over en lille periode for at \u00e6ndre kursen i dit liv \/ bearbejde et aktuelt emne p\u00e5 spirituelt plan. <br \/>Hvis du v\u00e6lger at tage en r\u00e6kke samtaler for at udvikle dig personligt, vil du ende med at have en r\u00e6kke praktisk afpr\u00f8vede v\u00e6rkt\u00f8jer, nye erkendelser samt et perspektiv p\u00e5; hvad dit liv skal indeholde, hvordan du vil leve det, og hvem der skal v\u00e6re i det. Dertil ogs\u00e5 en forst\u00e5else af, hvor\/hvad du kommer fra, og hvorfor dit liv har formet sig, som det har. <\/p>\n<p>Spirituelle samtaler kan med fordel blive sat sammen med healing fra tid til anden, for at skabe et godt grundlag at bygge nyt p\u00e5. S\u00e5 l\u00e6nge det er opf\u00f8lgende tider, vil prisen v\u00e6re opf\u00f8lgende &#8211; ogs\u00e5 p\u00e5 healing.<\/p>\n","protected":false},"excerpt":{"rendered":"<p><strong>Sted:<\/strong> Hos &#8220;Klar til Healing&#8221; i Odense M<strong><br \/>Varighed:<\/strong> 90 min.<br \/><strong>Tidspunkt:<\/strong> N\u00e5r du booker tid via <a href=\"tel:60842507\">opkald\/sms<\/a> eller <a href=\"mailto:info@klartilhealing.dk\">e-mail<\/a><\/p>\n","protected":false},"featured_media":1648,"template":"","meta":{"_kad_post_transparent":"","_kad_post_title":"","_kad_post_layout":"","_kad_post_sidebar_id":"","_kad_post_content_style":"","_kad_post_vertical_padding":"","_kad_post_feature":"","_kad_post_feature_position":"","_kad_post_header":false,"_kad_post_footer":false,"_kad_post_classname":""},"product_brand":[],"product_cat":[52],"product_tag":[],"class_list":{"0":"post-611","1":"product","2":"type-product","3":"status-publish","4":"has-post-thumbnail","6":"product_cat-formidling-1-1","8":"first","9":"instock","10":"virtual","11":"taxable","12":"purchasable","13":"product-type-simple","14":"entry","15":"content-bg","16":"loop-entry"},"yoast_head":"<!-- This site is optimized with the Yoast SEO plugin v27.3 - https:\/\/yoast.com\/product\/yoast-seo-wordpress\/ -->\n<title>Spirituel samtale, f\u00f8rste gang - Klar til healing<\/title>\n<meta name=\"description\" content=\"Spirituel samtale, f\u00f8rste gang Klar til healing %\" \/>\n<meta name=\"robots\" content=\"index, follow, max-snippet:-1, max-image-preview:large, max-video-preview:-1\" \/>\n<link rel=\"canonical\" href=\"https:\/\/www.klartilhealing.dk\/index.php\/vare\/spirituel-samtale-2\/\" \/>\n<meta property=\"og:locale\" content=\"da_DK\" \/>\n<meta property=\"og:type\" content=\"article\" \/>\n<meta property=\"og:title\" content=\"Spirituel samtale, f\u00f8rste gang - Klar til healing\" \/>\n<meta property=\"og:description\" content=\"Spirituel samtale, f\u00f8rste gang Klar til healing %\" \/>\n<meta property=\"og:url\" content=\"https:\/\/www.klartilhealing.dk\/index.php\/vare\/spirituel-samtale-2\/\" \/>\n<meta property=\"og:site_name\" content=\"Klar til healing\" \/>\n<meta property=\"article:publisher\" content=\"https:\/\/www.facebook.com\/klartilhealing\" \/>\n<meta property=\"article:modified_time\" content=\"2025-12-27T21:59:20+00:00\" \/>\n<meta property=\"og:image\" content=\"https:\/\/www.klartilhealing.dk\/wp-content\/uploads\/2025\/12\/Formidling-.jpg\" \/>\n\t<meta property=\"og:image:width\" content=\"600\" \/>\n\t<meta property=\"og:image:height\" content=\"600\" \/>\n\t<meta property=\"og:image:type\" content=\"image\/jpeg\" \/>\n<meta name=\"twitter:card\" content=\"summary_large_image\" \/>\n<meta name=\"twitter:label1\" content=\"Estimeret l\u00e6setid\" \/>\n\t<meta name=\"twitter:data1\" content=\"1 minut\" \/>\n<script type=\"application\/ld+json\" class=\"yoast-schema-graph\">{\"@context\":\"https:\\\/\\\/schema.org\",\"@graph\":[{\"@type\":\"WebPage\",\"@id\":\"https:\\\/\\\/www.klartilhealing.dk\\\/index.php\\\/vare\\\/spirituel-samtale-2\\\/\",\"url\":\"https:\\\/\\\/www.klartilhealing.dk\\\/index.php\\\/vare\\\/spirituel-samtale-2\\\/\",\"name\":\"Spirituel samtale, f\u00f8rste gang - Klar til healing\",\"isPartOf\":{\"@id\":\"https:\\\/\\\/www.klartilhealing.dk\\\/#website\"},\"primaryImageOfPage\":{\"@id\":\"https:\\\/\\\/www.klartilhealing.dk\\\/index.php\\\/vare\\\/spirituel-samtale-2\\\/#primaryimage\"},\"image\":{\"@id\":\"https:\\\/\\\/www.klartilhealing.dk\\\/index.php\\\/vare\\\/spirituel-samtale-2\\\/#primaryimage\"},\"thumbnailUrl\":\"https:\\\/\\\/www.klartilhealing.dk\\\/wp-content\\\/uploads\\\/2025\\\/12\\\/2-stole-i-naturen.jpg\",\"datePublished\":\"2024-05-24T17:35:39+00:00\",\"dateModified\":\"2025-12-27T21:59:20+00:00\",\"description\":\"Spirituel samtale, f\u00f8rste gang Klar til healing %\",\"breadcrumb\":{\"@id\":\"https:\\\/\\\/www.klartilhealing.dk\\\/index.php\\\/vare\\\/spirituel-samtale-2\\\/#breadcrumb\"},\"inLanguage\":\"da-DK\",\"potentialAction\":[{\"@type\":\"ReadAction\",\"target\":[\"https:\\\/\\\/www.klartilhealing.dk\\\/index.php\\\/vare\\\/spirituel-samtale-2\\\/\"]}]},{\"@type\":\"ImageObject\",\"inLanguage\":\"da-DK\",\"@id\":\"https:\\\/\\\/www.klartilhealing.dk\\\/index.php\\\/vare\\\/spirituel-samtale-2\\\/#primaryimage\",\"url\":\"https:\\\/\\\/www.klartilhealing.dk\\\/wp-content\\\/uploads\\\/2025\\\/12\\\/2-stole-i-naturen.jpg\",\"contentUrl\":\"https:\\\/\\\/www.klartilhealing.dk\\\/wp-content\\\/uploads\\\/2025\\\/12\\\/2-stole-i-naturen.jpg\",\"width\":450,\"height\":600,\"caption\":\"2 stole i naturen\"},{\"@type\":\"BreadcrumbList\",\"@id\":\"https:\\\/\\\/www.klartilhealing.dk\\\/index.php\\\/vare\\\/spirituel-samtale-2\\\/#breadcrumb\",\"itemListElement\":[{\"@type\":\"ListItem\",\"position\":1,\"name\":\"Hjem\",\"item\":\"https:\\\/\\\/www.klartilhealing.dk\\\/\"},{\"@type\":\"ListItem\",\"position\":2,\"name\":\"BUTIK\",\"item\":\"https:\\\/\\\/www.klartilhealing.dk\\\/index.php\\\/butik\\\/\"},{\"@type\":\"ListItem\",\"position\":3,\"name\":\"Spirituel samtale, f\u00f8rste gang\"}]},{\"@type\":\"WebSite\",\"@id\":\"https:\\\/\\\/www.klartilhealing.dk\\\/#website\",\"url\":\"https:\\\/\\\/www.klartilhealing.dk\\\/\",\"name\":\"Klar til healing\",\"description\":\"Christina Diddi Adolph\",\"publisher\":{\"@id\":\"https:\\\/\\\/www.klartilhealing.dk\\\/#organization\"},\"potentialAction\":[{\"@type\":\"SearchAction\",\"target\":{\"@type\":\"EntryPoint\",\"urlTemplate\":\"https:\\\/\\\/www.klartilhealing.dk\\\/?s={search_term_string}\"},\"query-input\":{\"@type\":\"PropertyValueSpecification\",\"valueRequired\":true,\"valueName\":\"search_term_string\"}}],\"inLanguage\":\"da-DK\"},{\"@type\":\"Organization\",\"@id\":\"https:\\\/\\\/www.klartilhealing.dk\\\/#organization\",\"name\":\"Klar til healing\",\"alternateName\":\"Christina Diddi Adolph\",\"url\":\"https:\\\/\\\/www.klartilhealing.dk\\\/\",\"logo\":{\"@type\":\"ImageObject\",\"inLanguage\":\"da-DK\",\"@id\":\"https:\\\/\\\/www.klartilhealing.dk\\\/#\\\/schema\\\/logo\\\/image\\\/\",\"url\":\"https:\\\/\\\/www.klartilhealing.dk\\\/wp-content\\\/uploads\\\/2024\\\/05\\\/cropped-Transperant-logo-med-prikker.png\",\"contentUrl\":\"https:\\\/\\\/www.klartilhealing.dk\\\/wp-content\\\/uploads\\\/2024\\\/05\\\/cropped-Transperant-logo-med-prikker.png\",\"width\":512,\"height\":512,\"caption\":\"Klar til healing\"},\"image\":{\"@id\":\"https:\\\/\\\/www.klartilhealing.dk\\\/#\\\/schema\\\/logo\\\/image\\\/\"},\"sameAs\":[\"https:\\\/\\\/www.facebook.com\\\/klartilhealing\"]}]}<\/script>\n<!-- \/ Yoast SEO plugin. -->","yoast_head_json":{"title":"Spirituel samtale, f\u00f8rste gang - Klar til healing","description":"Spirituel samtale, f\u00f8rste gang Klar til healing %","robots":{"index":"index","follow":"follow","max-snippet":"max-snippet:-1","max-image-preview":"max-image-preview:large","max-video-preview":"max-video-preview:-1"},"canonical":"https:\/\/www.klartilhealing.dk\/index.php\/vare\/spirituel-samtale-2\/","og_locale":"da_DK","og_type":"article","og_title":"Spirituel samtale, f\u00f8rste gang - Klar til healing","og_description":"Spirituel samtale, f\u00f8rste gang Klar til healing %","og_url":"https:\/\/www.klartilhealing.dk\/index.php\/vare\/spirituel-samtale-2\/","og_site_name":"Klar til healing","article_publisher":"https:\/\/www.facebook.com\/klartilhealing","article_modified_time":"2025-12-27T21:59:20+00:00","og_image":[{"width":600,"height":600,"url":"https:\/\/www.klartilhealing.dk\/wp-content\/uploads\/2025\/12\/Formidling-.jpg","type":"image\/jpeg"}],"twitter_card":"summary_large_image","twitter_misc":{"Estimeret l\u00e6setid":"1 minut"},"schema":{"@context":"https:\/\/schema.org","@graph":[{"@type":"WebPage","@id":"https:\/\/www.klartilhealing.dk\/index.php\/vare\/spirituel-samtale-2\/","url":"https:\/\/www.klartilhealing.dk\/index.php\/vare\/spirituel-samtale-2\/","name":"Spirituel samtale, f\u00f8rste gang - Klar til healing","isPartOf":{"@id":"https:\/\/www.klartilhealing.dk\/#website"},"primaryImageOfPage":{"@id":"https:\/\/www.klartilhealing.dk\/index.php\/vare\/spirituel-samtale-2\/#primaryimage"},"image":{"@id":"https:\/\/www.klartilhealing.dk\/index.php\/vare\/spirituel-samtale-2\/#primaryimage"},"thumbnailUrl":"https:\/\/www.klartilhealing.dk\/wp-content\/uploads\/2025\/12\/2-stole-i-naturen.jpg","datePublished":"2024-05-24T17:35:39+00:00","dateModified":"2025-12-27T21:59:20+00:00","description":"Spirituel samtale, f\u00f8rste gang Klar til healing %","breadcrumb":{"@id":"https:\/\/www.klartilhealing.dk\/index.php\/vare\/spirituel-samtale-2\/#breadcrumb"},"inLanguage":"da-DK","potentialAction":[{"@type":"ReadAction","target":["https:\/\/www.klartilhealing.dk\/index.php\/vare\/spirituel-samtale-2\/"]}]},{"@type":"ImageObject","inLanguage":"da-DK","@id":"https:\/\/www.klartilhealing.dk\/index.php\/vare\/spirituel-samtale-2\/#primaryimage","url":"https:\/\/www.klartilhealing.dk\/wp-content\/uploads\/2025\/12\/2-stole-i-naturen.jpg","contentUrl":"https:\/\/www.klartilhealing.dk\/wp-content\/uploads\/2025\/12\/2-stole-i-naturen.jpg","width":450,"height":600,"caption":"2 stole i naturen"},{"@type":"BreadcrumbList","@id":"https:\/\/www.klartilhealing.dk\/index.php\/vare\/spirituel-samtale-2\/#breadcrumb","itemListElement":[{"@type":"ListItem","position":1,"name":"Hjem","item":"https:\/\/www.klartilhealing.dk\/"},{"@type":"ListItem","position":2,"name":"BUTIK","item":"https:\/\/www.klartilhealing.dk\/index.php\/butik\/"},{"@type":"ListItem","position":3,"name":"Spirituel samtale, f\u00f8rste gang"}]},{"@type":"WebSite","@id":"https:\/\/www.klartilhealing.dk\/#website","url":"https:\/\/www.klartilhealing.dk\/","name":"Klar til healing","description":"Christina Diddi Adolph","publisher":{"@id":"https:\/\/www.klartilhealing.dk\/#organization"},"potentialAction":[{"@type":"SearchAction","target":{"@type":"EntryPoint","urlTemplate":"https:\/\/www.klartilhealing.dk\/?s={search_term_string}"},"query-input":{"@type":"PropertyValueSpecification","valueRequired":true,"valueName":"search_term_string"}}],"inLanguage":"da-DK"},{"@type":"Organization","@id":"https:\/\/www.klartilhealing.dk\/#organization","name":"Klar til healing","alternateName":"Christina Diddi Adolph","url":"https:\/\/www.klartilhealing.dk\/","logo":{"@type":"ImageObject","inLanguage":"da-DK","@id":"https:\/\/www.klartilhealing.dk\/#\/schema\/logo\/image\/","url":"https:\/\/www.klartilhealing.dk\/wp-content\/uploads\/2024\/05\/cropped-Transperant-logo-med-prikker.png","contentUrl":"https:\/\/www.klartilhealing.dk\/wp-content\/uploads\/2024\/05\/cropped-Transperant-logo-med-prikker.png","width":512,"height":512,"caption":"Klar til healing"},"image":{"@id":"https:\/\/www.klartilhealing.dk\/#\/schema\/logo\/image\/"},"sameAs":["https:\/\/www.facebook.com\/klartilhealing"]}]}},"_links":{"self":[{"href":"https:\/\/www.klartilhealing.dk\/index.php\/wp-json\/wp\/v2\/product\/611","targetHints":{"allow":["GET"]}}],"collection":[{"href":"https:\/\/www.klartilhealing.dk\/index.php\/wp-json\/wp\/v2\/product"}],"about":[{"href":"https:\/\/www.klartilhealing.dk\/index.php\/wp-json\/wp\/v2\/types\/product"}],"wp:featuredmedia":[{"embeddable":true,"href":"https:\/\/www.klartilhealing.dk\/index.php\/wp-json\/wp\/v2\/media\/1648"}],"wp:attachment":[{"href":"https:\/\/www.klartilhealing.dk\/index.php\/wp-json\/wp\/v2\/media?parent=611"}],"wp:term":[{"taxonomy":"product_brand","embeddable":true,"href":"https:\/\/www.klartilhealing.dk\/index.php\/wp-json\/wp\/v2\/product_brand?post=611"},{"taxonomy":"product_cat","embeddable":true,"href":"https:\/\/www.klartilhealing.dk\/index.php\/wp-json\/wp\/v2\/product_cat?post=611"},{"taxonomy":"product_tag","embeddable":true,"href":"https:\/\/www.klartilhealing.dk\/index.php\/wp-json\/wp\/v2\/product_tag?post=611"}],"curies":[{"name":"wp","href":"https:\/\/api.w.org\/{rel}","templated":true}]}}