{"id":609,"date":"2024-05-24T19:11:40","date_gmt":"2024-05-24T17:11:40","guid":{"rendered":"https:\/\/www.klartilhealing.dk\/?post_type=product&#038;p=609"},"modified":"2026-05-02T20:09:24","modified_gmt":"2026-05-02T18:09:24","slug":"udvikl-din-spiritualitet-2026","status":"publish","type":"product","link":"https:\/\/www.klartilhealing.dk\/index.php\/vare\/udvikl-din-spiritualitet-2026\/","title":{"rendered":"Udvikl din spiritualitet \/ Efter\u00e5r 2026 \/ Begynder &amp; Let \u00f8vede \/ Odense"},"content":{"rendered":"<p>F\u00f8ler du dig ofte p\u00e5virket af dine omgivelser? <br \/>Kan du m\u00e6rke en s\u00e6rlig varme fra tid til anden i dine h\u00e6nder og i din krop? <br \/>F\u00f8ler du j\u00e6vnligt, at v\u00e6re en del af noget st\u00f8rre, eller at noget k\u00e6rligt st\u00e5r dig bi?<br \/>Er du healer, og kan m\u00e6rke budskaberne tr\u00e6nge sig p\u00e5, men er i tvivl, om hvordan de skal formidles?<br \/>Ser du ting ud af \u00f8jenkrogen, eller har du haft overnaturlige oplevelser?<br \/>Vil du gerne l\u00e6re din skyts\u00e5nd og \u00e5ndeteam at kende?<br \/>Har du overordnet brug for guidning?<\/p>\n<p>S\u00e5 vil et forl\u00f8b spirituel introduktion og v\u00e6re med til at f\u00e5 en hele masse p\u00e5 plads indeni dig. <br \/>Her vil du l\u00e6re hvad du m\u00e6rker &#8211; hvad der er dit, andres- og hvad din indflydelse b\u00f8r\/kan v\u00e6re i livets situationer.  Og du vil f\u00e5 en t\u00e6t kontakt til den anden side, som du vil opdage st\u00f8tter og guider dig i dit liv, langt mere end du tror. <\/p>\n<p>I forl\u00f8bet vil vi blandt andet arbejde med: <br \/>&#8211; At blive guidet i meditationer og have \u00e5ndem\u00f8der<br \/>&#8211; M\u00f8de din skyt\u00e5nd, eller del af dit \u00e5ndeteam<br \/>&#8211; Arbejde med spirituel healing<br \/>&#8211; Arbejde med symboler\/ farver \/ sanser<br \/>&#8211; Arbejde med energi i alle former<br \/>&#8211; Blive bevidst om hvordan det spirituelle kan v\u00e6re en naturlig del af vores dagligdag<br \/>&#8211; Sj\u00e6len, kroppen og bevidstheden, hvordan de h\u00e6nger sammen, og hvordan de er individuelt<\/p>\n<p>Vi vil tr\u00e6ne med 1:1 &#8211; samt gruppe \u00f8velser. <br \/>Mange ting kan dukke op i dig selv i forl\u00f8bet; og du skal vide, at det er et trygt, varmt, v\u00e6kstende og fortroligt rum du tr\u00e6der ind i &#8211; med plads til lige n\u00f8jagtig din udvikling. <\/p>\n<p>Du kommer fra forl\u00f8bet og har styrket din kommunikation med den anden side, tr\u00e6net, samt modtager en masse v\u00e6rkt\u00f8jer, som du kan bruge i din dagligdag.<br \/>Du f\u00e5r grundl\u00e6ggende viden og praksis omkring brugen af energien i healing, og de budskaber der kommer under en healing &#8211; og ikke mindst, hvordan de skal formidles. Du vil se, hvordan du f\u00e5r rykket dine evner p\u00e5 blot 5 mdr. <\/p>\n<p>Som udgangspunkt, skal vi m\u00e6rke energien selv og jeg vil derfor begr\u00e6nse brugen af redskaber i undervisningen. Vi vil dog komme omkring, kort, krystaller og andre spirituelle v\u00e6rkt\u00f8jer under forl\u00f8bet. <br \/>__________________________________________________________________________________________________________<\/p>\n<p>Som underviser, vil du m\u00f8de mig, Diddi, som laver dette forl\u00f8b for 6. gang. <br \/>Jeg er i t\u00e6t dialog med den anden side i planl\u00e6gningen af forl\u00f8bet, s\u00e5som hvilke \u00f8velser og hvilke veje vi skal g\u00e5, for at hver enkelt f\u00e5r en ny viden og kompetence med fra forl\u00f8bet. <br \/>Der er plads til t\u00e5rer og grin; og jeg g\u00f8r meget for at du skal f\u00f8le dig tilpas. Derfor har du ogs\u00e5 mulighed for at tage fat i mig imellem gangene, for at f\u00e5 hj\u00e6lp, afklaring eller en samtale, om din udvikling, <br \/>Jeg bestr\u00e6ber mig p\u00e5, at der efter hver \u00f8velse er tid til refleksion og evaluering. Jeg vil til tider ogs\u00e5 pr\u00f8ve at tage billeder eller lign, for at indfange energierne. Disse vil kun v\u00e6re til brug for holdet, og vil aldrig blive offentliggjort. <br \/>Alt sker i et fortroligt og sikkert rum. <\/p>\n<p>Jeg gl\u00e6der mig til at se dig <\/p>\n","protected":false},"excerpt":{"rendered":"<p><strong>Forl\u00f8b: <\/strong>9 gange<br \/><strong>Holdst\u00f8rrelse<\/strong>: max. 10 deltagere, min, 6 deltagere<\/p>\n<p><strong>Varighed<\/strong>: 2t 45 min\/gang med 10 min. pause. Der vil til tider v\u00e6re enkle hjemmeopgaver imellem gangene.<br \/><strong>Sted:  <\/strong>Eckersbergsvej 29, 5230 Odense M &#8211; &#8220;Under huset&#8221;<\/p>\n<p><strong>Holdstart:<\/strong> .17. august 2026  kl. 18.15 -21.00<br \/><strong>Tr\u00e6ningsaftener mandage:<\/strong>: 17. aug., 31. aug., 14. sept., 28. sep., 26. okt., 9. nov., 23. nov., 7.. dec.,  21. dec.<\/p>\n<p><strong>Tilmeldingsfrist: <\/strong>5. august 2026 med indbetaling. (Kontakt mig for ratebetaling)<br \/><strong>Tilmelding: <\/strong>Via Webshoppen. (Din tilmelding er f\u00f8rst g\u00e6ldende n\u00e5r din betaling er modtaget)<\/p>\n","protected":false},"featured_media":610,"template":"","meta":{"_kad_post_transparent":"","_kad_post_title":"","_kad_post_layout":"","_kad_post_sidebar_id":"","_kad_post_content_style":"","_kad_post_vertical_padding":"","_kad_post_feature":"","_kad_post_feature_position":"","_kad_post_header":false,"_kad_post_footer":false,"_kad_post_classname":""},"product_brand":[],"product_cat":[51],"product_tag":[],"class_list":{"0":"post-609","1":"product","2":"type-product","3":"status-publish","4":"has-post-thumbnail","6":"product_cat-traening-og-workshop","8":"first","9":"instock","10":"virtual","11":"taxable","12":"purchasable","13":"product-type-simple","14":"entry","15":"content-bg","16":"loop-entry"},"yoast_head":"<!-- This site is optimized with the Yoast SEO plugin v27.5 - https:\/\/yoast.com\/product\/yoast-seo-wordpress\/ -->\n<title>Udvikl din spiritualitet \/ Efter\u00e5r 2026 \/ Begynder &amp; Let \u00f8vede \/ Odense - Klar til healing<\/title>\n<meta name=\"description\" content=\"Udvikl din spiritualitet \/ Efter\u00e5r 2026 \/ Begynder &amp; Let \u00f8vede \/ Odense Klar til healing %\" \/>\n<meta name=\"robots\" content=\"index, follow, max-snippet:-1, max-image-preview:large, max-video-preview:-1\" \/>\n<link rel=\"canonical\" href=\"https:\/\/www.klartilhealing.dk\/index.php\/vare\/udvikl-din-spiritualitet-2026\/\" \/>\n<meta property=\"og:locale\" content=\"da_DK\" \/>\n<meta property=\"og:type\" content=\"article\" \/>\n<meta property=\"og:title\" content=\"Udvikl din spiritualitet \/ Efter\u00e5r 2026 \/ Begynder &amp; Let \u00f8vede \/ Odense - Klar til healing\" \/>\n<meta property=\"og:description\" content=\"Udvikl din spiritualitet \/ Efter\u00e5r 2026 \/ Begynder &amp; Let \u00f8vede \/ Odense Klar til healing %\" \/>\n<meta property=\"og:url\" content=\"https:\/\/www.klartilhealing.dk\/index.php\/vare\/udvikl-din-spiritualitet-2026\/\" \/>\n<meta property=\"og:site_name\" content=\"Klar til healing\" \/>\n<meta property=\"article:publisher\" content=\"https:\/\/www.facebook.com\/klartilhealing\" \/>\n<meta property=\"article:modified_time\" content=\"2026-05-02T18:09:24+00:00\" \/>\n<meta property=\"og:image\" content=\"https:\/\/www.klartilhealing.dk\/wp-content\/uploads\/2024\/05\/Pink-blomst1-min.jpg\" \/>\n\t<meta property=\"og:image:width\" content=\"600\" \/>\n\t<meta property=\"og:image:height\" content=\"600\" \/>\n\t<meta property=\"og:image:type\" content=\"image\/jpeg\" \/>\n<meta name=\"twitter:card\" content=\"summary_large_image\" \/>\n<meta name=\"twitter:label1\" content=\"Estimeret l\u00e6setid\" \/>\n\t<meta name=\"twitter:data1\" content=\"3 minutter\" \/>\n<script type=\"application\/ld+json\" class=\"yoast-schema-graph\">{\"@context\":\"https:\\\/\\\/schema.org\",\"@graph\":[{\"@type\":\"WebPage\",\"@id\":\"https:\\\/\\\/www.klartilhealing.dk\\\/index.php\\\/vare\\\/udvikl-din-spiritualitet-2026\\\/\",\"url\":\"https:\\\/\\\/www.klartilhealing.dk\\\/index.php\\\/vare\\\/udvikl-din-spiritualitet-2026\\\/\",\"name\":\"Udvikl din spiritualitet \\\/ Efter\u00e5r 2026 \\\/ Begynder &amp; Let \u00f8vede \\\/ Odense - Klar til healing\",\"isPartOf\":{\"@id\":\"https:\\\/\\\/www.klartilhealing.dk\\\/#website\"},\"primaryImageOfPage\":{\"@id\":\"https:\\\/\\\/www.klartilhealing.dk\\\/index.php\\\/vare\\\/udvikl-din-spiritualitet-2026\\\/#primaryimage\"},\"image\":{\"@id\":\"https:\\\/\\\/www.klartilhealing.dk\\\/index.php\\\/vare\\\/udvikl-din-spiritualitet-2026\\\/#primaryimage\"},\"thumbnailUrl\":\"https:\\\/\\\/www.klartilhealing.dk\\\/wp-content\\\/uploads\\\/2024\\\/05\\\/Pink-blomst1-min.jpg\",\"datePublished\":\"2024-05-24T17:11:40+00:00\",\"dateModified\":\"2026-05-02T18:09:24+00:00\",\"description\":\"Udvikl din spiritualitet \\\/ Efter\u00e5r 2026 \\\/ Begynder &amp; Let \u00f8vede \\\/ Odense Klar til healing %\",\"breadcrumb\":{\"@id\":\"https:\\\/\\\/www.klartilhealing.dk\\\/index.php\\\/vare\\\/udvikl-din-spiritualitet-2026\\\/#breadcrumb\"},\"inLanguage\":\"da-DK\",\"potentialAction\":[{\"@type\":\"ReadAction\",\"target\":[\"https:\\\/\\\/www.klartilhealing.dk\\\/index.php\\\/vare\\\/udvikl-din-spiritualitet-2026\\\/\"]}]},{\"@type\":\"ImageObject\",\"inLanguage\":\"da-DK\",\"@id\":\"https:\\\/\\\/www.klartilhealing.dk\\\/index.php\\\/vare\\\/udvikl-din-spiritualitet-2026\\\/#primaryimage\",\"url\":\"https:\\\/\\\/www.klartilhealing.dk\\\/wp-content\\\/uploads\\\/2024\\\/05\\\/Pink-blomst1-min.jpg\",\"contentUrl\":\"https:\\\/\\\/www.klartilhealing.dk\\\/wp-content\\\/uploads\\\/2024\\\/05\\\/Pink-blomst1-min.jpg\",\"width\":600,\"height\":600,\"caption\":\"N\u00e6rbillede af pink blomst\"},{\"@type\":\"BreadcrumbList\",\"@id\":\"https:\\\/\\\/www.klartilhealing.dk\\\/index.php\\\/vare\\\/udvikl-din-spiritualitet-2026\\\/#breadcrumb\",\"itemListElement\":[{\"@type\":\"ListItem\",\"position\":1,\"name\":\"Hjem\",\"item\":\"https:\\\/\\\/www.klartilhealing.dk\\\/\"},{\"@type\":\"ListItem\",\"position\":2,\"name\":\"BUTIK\",\"item\":\"https:\\\/\\\/www.klartilhealing.dk\\\/index.php\\\/butik\\\/\"},{\"@type\":\"ListItem\",\"position\":3,\"name\":\"Udvikl din spiritualitet \\\/ Efter\u00e5r 2026 \\\/ Begynder &amp; Let \u00f8vede \\\/ Odense\"}]},{\"@type\":\"WebSite\",\"@id\":\"https:\\\/\\\/www.klartilhealing.dk\\\/#website\",\"url\":\"https:\\\/\\\/www.klartilhealing.dk\\\/\",\"name\":\"Klar til healing\",\"description\":\"Christina Diddi Adolph\",\"publisher\":{\"@id\":\"https:\\\/\\\/www.klartilhealing.dk\\\/#organization\"},\"potentialAction\":[{\"@type\":\"SearchAction\",\"target\":{\"@type\":\"EntryPoint\",\"urlTemplate\":\"https:\\\/\\\/www.klartilhealing.dk\\\/?s={search_term_string}\"},\"query-input\":{\"@type\":\"PropertyValueSpecification\",\"valueRequired\":true,\"valueName\":\"search_term_string\"}}],\"inLanguage\":\"da-DK\"},{\"@type\":\"Organization\",\"@id\":\"https:\\\/\\\/www.klartilhealing.dk\\\/#organization\",\"name\":\"Klar til healing\",\"alternateName\":\"Christina Diddi Adolph\",\"url\":\"https:\\\/\\\/www.klartilhealing.dk\\\/\",\"logo\":{\"@type\":\"ImageObject\",\"inLanguage\":\"da-DK\",\"@id\":\"https:\\\/\\\/www.klartilhealing.dk\\\/#\\\/schema\\\/logo\\\/image\\\/\",\"url\":\"https:\\\/\\\/www.klartilhealing.dk\\\/wp-content\\\/uploads\\\/2024\\\/05\\\/cropped-Transperant-logo-med-prikker.png\",\"contentUrl\":\"https:\\\/\\\/www.klartilhealing.dk\\\/wp-content\\\/uploads\\\/2024\\\/05\\\/cropped-Transperant-logo-med-prikker.png\",\"width\":512,\"height\":512,\"caption\":\"Klar til healing\"},\"image\":{\"@id\":\"https:\\\/\\\/www.klartilhealing.dk\\\/#\\\/schema\\\/logo\\\/image\\\/\"},\"sameAs\":[\"https:\\\/\\\/www.facebook.com\\\/klartilhealing\"]}]}<\/script>\n<!-- \/ Yoast SEO plugin. -->","yoast_head_json":{"title":"Udvikl din spiritualitet \/ Efter\u00e5r 2026 \/ Begynder &amp; Let \u00f8vede \/ Odense - Klar til healing","description":"Udvikl din spiritualitet \/ Efter\u00e5r 2026 \/ Begynder &amp; Let \u00f8vede \/ Odense Klar til healing %","robots":{"index":"index","follow":"follow","max-snippet":"max-snippet:-1","max-image-preview":"max-image-preview:large","max-video-preview":"max-video-preview:-1"},"canonical":"https:\/\/www.klartilhealing.dk\/index.php\/vare\/udvikl-din-spiritualitet-2026\/","og_locale":"da_DK","og_type":"article","og_title":"Udvikl din spiritualitet \/ Efter\u00e5r 2026 \/ Begynder &amp; Let \u00f8vede \/ Odense - Klar til healing","og_description":"Udvikl din spiritualitet \/ Efter\u00e5r 2026 \/ Begynder &amp; Let \u00f8vede \/ Odense Klar til healing %","og_url":"https:\/\/www.klartilhealing.dk\/index.php\/vare\/udvikl-din-spiritualitet-2026\/","og_site_name":"Klar til healing","article_publisher":"https:\/\/www.facebook.com\/klartilhealing","article_modified_time":"2026-05-02T18:09:24+00:00","og_image":[{"width":600,"height":600,"url":"https:\/\/www.klartilhealing.dk\/wp-content\/uploads\/2024\/05\/Pink-blomst1-min.jpg","type":"image\/jpeg"}],"twitter_card":"summary_large_image","twitter_misc":{"Estimeret l\u00e6setid":"3 minutter"},"schema":{"@context":"https:\/\/schema.org","@graph":[{"@type":"WebPage","@id":"https:\/\/www.klartilhealing.dk\/index.php\/vare\/udvikl-din-spiritualitet-2026\/","url":"https:\/\/www.klartilhealing.dk\/index.php\/vare\/udvikl-din-spiritualitet-2026\/","name":"Udvikl din spiritualitet \/ Efter\u00e5r 2026 \/ Begynder &amp; Let \u00f8vede \/ Odense - Klar til healing","isPartOf":{"@id":"https:\/\/www.klartilhealing.dk\/#website"},"primaryImageOfPage":{"@id":"https:\/\/www.klartilhealing.dk\/index.php\/vare\/udvikl-din-spiritualitet-2026\/#primaryimage"},"image":{"@id":"https:\/\/www.klartilhealing.dk\/index.php\/vare\/udvikl-din-spiritualitet-2026\/#primaryimage"},"thumbnailUrl":"https:\/\/www.klartilhealing.dk\/wp-content\/uploads\/2024\/05\/Pink-blomst1-min.jpg","datePublished":"2024-05-24T17:11:40+00:00","dateModified":"2026-05-02T18:09:24+00:00","description":"Udvikl din spiritualitet \/ Efter\u00e5r 2026 \/ Begynder &amp; Let \u00f8vede \/ Odense Klar til healing %","breadcrumb":{"@id":"https:\/\/www.klartilhealing.dk\/index.php\/vare\/udvikl-din-spiritualitet-2026\/#breadcrumb"},"inLanguage":"da-DK","potentialAction":[{"@type":"ReadAction","target":["https:\/\/www.klartilhealing.dk\/index.php\/vare\/udvikl-din-spiritualitet-2026\/"]}]},{"@type":"ImageObject","inLanguage":"da-DK","@id":"https:\/\/www.klartilhealing.dk\/index.php\/vare\/udvikl-din-spiritualitet-2026\/#primaryimage","url":"https:\/\/www.klartilhealing.dk\/wp-content\/uploads\/2024\/05\/Pink-blomst1-min.jpg","contentUrl":"https:\/\/www.klartilhealing.dk\/wp-content\/uploads\/2024\/05\/Pink-blomst1-min.jpg","width":600,"height":600,"caption":"N\u00e6rbillede af pink blomst"},{"@type":"BreadcrumbList","@id":"https:\/\/www.klartilhealing.dk\/index.php\/vare\/udvikl-din-spiritualitet-2026\/#breadcrumb","itemListElement":[{"@type":"ListItem","position":1,"name":"Hjem","item":"https:\/\/www.klartilhealing.dk\/"},{"@type":"ListItem","position":2,"name":"BUTIK","item":"https:\/\/www.klartilhealing.dk\/index.php\/butik\/"},{"@type":"ListItem","position":3,"name":"Udvikl din spiritualitet \/ Efter\u00e5r 2026 \/ Begynder &amp; Let \u00f8vede \/ Odense"}]},{"@type":"WebSite","@id":"https:\/\/www.klartilhealing.dk\/#website","url":"https:\/\/www.klartilhealing.dk\/","name":"Klar til healing","description":"Christina Diddi Adolph","publisher":{"@id":"https:\/\/www.klartilhealing.dk\/#organization"},"potentialAction":[{"@type":"SearchAction","target":{"@type":"EntryPoint","urlTemplate":"https:\/\/www.klartilhealing.dk\/?s={search_term_string}"},"query-input":{"@type":"PropertyValueSpecification","valueRequired":true,"valueName":"search_term_string"}}],"inLanguage":"da-DK"},{"@type":"Organization","@id":"https:\/\/www.klartilhealing.dk\/#organization","name":"Klar til healing","alternateName":"Christina Diddi Adolph","url":"https:\/\/www.klartilhealing.dk\/","logo":{"@type":"ImageObject","inLanguage":"da-DK","@id":"https:\/\/www.klartilhealing.dk\/#\/schema\/logo\/image\/","url":"https:\/\/www.klartilhealing.dk\/wp-content\/uploads\/2024\/05\/cropped-Transperant-logo-med-prikker.png","contentUrl":"https:\/\/www.klartilhealing.dk\/wp-content\/uploads\/2024\/05\/cropped-Transperant-logo-med-prikker.png","width":512,"height":512,"caption":"Klar til healing"},"image":{"@id":"https:\/\/www.klartilhealing.dk\/#\/schema\/logo\/image\/"},"sameAs":["https:\/\/www.facebook.com\/klartilhealing"]}]}},"_links":{"self":[{"href":"https:\/\/www.klartilhealing.dk\/index.php\/wp-json\/wp\/v2\/product\/609","targetHints":{"allow":["GET"]}}],"collection":[{"href":"https:\/\/www.klartilhealing.dk\/index.php\/wp-json\/wp\/v2\/product"}],"about":[{"href":"https:\/\/www.klartilhealing.dk\/index.php\/wp-json\/wp\/v2\/types\/product"}],"wp:featuredmedia":[{"embeddable":true,"href":"https:\/\/www.klartilhealing.dk\/index.php\/wp-json\/wp\/v2\/media\/610"}],"wp:attachment":[{"href":"https:\/\/www.klartilhealing.dk\/index.php\/wp-json\/wp\/v2\/media?parent=609"}],"wp:term":[{"taxonomy":"product_brand","embeddable":true,"href":"https:\/\/www.klartilhealing.dk\/index.php\/wp-json\/wp\/v2\/product_brand?post=609"},{"taxonomy":"product_cat","embeddable":true,"href":"https:\/\/www.klartilhealing.dk\/index.php\/wp-json\/wp\/v2\/product_cat?post=609"},{"taxonomy":"product_tag","embeddable":true,"href":"https:\/\/www.klartilhealing.dk\/index.php\/wp-json\/wp\/v2\/product_tag?post=609"}],"curies":[{"name":"wp","href":"https:\/\/api.w.org\/{rel}","templated":true}]}}