{"id":608,"date":"2024-05-24T19:03:13","date_gmt":"2024-05-24T17:03:13","guid":{"rendered":"https:\/\/www.klartilhealing.dk\/?post_type=product&#038;p=608"},"modified":"2026-04-29T15:45:05","modified_gmt":"2026-04-29T13:45:05","slug":"clairvoyanceafdoedeforloeb_2026","status":"publish","type":"product","link":"https:\/\/www.klartilhealing.dk\/index.php\/vare\/clairvoyanceafdoedeforloeb_2026\/","title":{"rendered":"Clairvoyance og Afd\u00f8dekontakt \/ \u00d8vet \/ Efer\u00e5rshold 2026 \/ Odense"},"content":{"rendered":"<p>Er du medie, clairvoyant, clairvoyant r\u00e5dgiver eller clairvoyant medie?<br \/>Arbejder du med clairvoyance og afd\u00f8dekontakt til dagligt? <br \/>Mangler du sparring til dit daglige arbejde? <br \/>Mangler du et fortroligt rum til at dele i dine erfaringer og egne udviklingspunkter i?<\/p>\n<p>S\u00e5 er dette forl\u00f8bet til dig. <\/p>\n<p>Forl\u00f8bet er for dig, som allerede kan og udf\u00f8rer spirituelt arbejde, og som gerne vil finpudse din formidling.   <\/p>\n<p><strong>Under forl\u00f8bet vil vi: <\/strong><br \/>Arbejde vores udviklingspunkter, og hvordan det kan indarbejdes i daglig praksis. <br \/>Vi vil styrke de clairs-, som endnu ikke er udfoldede hos os. <br \/>Vi har fokus p\u00e5 formidlingen i clairvoyancen og afd\u00f8dekontakten. <br \/>Vi vil sparre med hinanden vedr. teknikker.<br \/>Vi vil arbejde med redskaber, der hj\u00e6lper til en god formidling. <br \/>Vi \u00f8ver os i de gode beviser, som navne, \u00e5rstal, stednavne, samt at g\u00e5 i dybden med det vi f\u00e5r fra den anden side. <br \/>Have en aktiv og fortrolig messenger-gruppe, som vil hj\u00e6lpe dig med at f\u00e5 sparring imellem gangene.<\/p>\n<p><strong>Du vil efter forl\u00f8bet<\/strong> v\u00e6re styrket i din formidling, s\u00e5 du er tydelig under dine l\u00e6sninger.<\/p>\n<p>Vi tr\u00e6ner i et fortroligt og trygt rum, hvor der er plads til at l\u00e6re endnu mere. <br \/>Det vil v\u00e6re uformelt, og der vil v\u00e6re plads til h\u00f8jt hum\u00f8r .<br \/>____________________________________________________________________________________________________________<\/p>\n<p>Som underviser bestr\u00e6ber jeg mig p\u00e5 at m\u00f8de dig, der hvor du er. Jeg afholder dette forl\u00f8b for 3. gang. <br \/>Den anden side deltager aktiv i undervisningen, og kommer med masser af k\u00e6rlighed og humor og det g\u00f8r at vi har et trygt og sk\u00f8nt undervisningsrum. <br \/>Vi sparrer, l\u00f8fter og hj\u00e6lper hinanden.  Der er altid plads til sp\u00f8rgsm\u00e5l og refleksion. <br \/>Mellem gangene st\u00e5r jeg til r\u00e5dighed under hele forl\u00f8bet, og hj\u00e6lper dig gerne hvis noget dukker op undervejs, som du skal have belyst\/ forst\u00e5et\/ forklaret 1:1.  <\/p>\n<p>Jeg gl\u00e6der mig til at se dig. <\/p>\n","protected":false},"excerpt":{"rendered":"<p><strong>Forl\u00f8b:<\/strong> 8 gange<br \/><strong>Holdst\u00f8rrelse<\/strong>: max. 10 deltagere, min, 6 deltagere<\/p>\n<p><strong>Varighed<\/strong>: 2t 45 min\/gang med 10 min. pause. <br \/><strong>Sted:  <\/strong>Eckersbergsvej 29, 5230 Odense M &#8211; &#8220;Under huset&#8221;<\/p>\n<p><strong>Holdstart:<\/strong> 19. aug. 2026, kl. 18.30 -21.15<br \/><strong>Tr\u00e6ningsaftener Onsdage<\/strong>: 19. aug., 2.sep., 16. sep., 30.sep., 28. okt., 11.nov., 25. nov., 9. dec..<\/p>\n<p><strong>Tilmeldingsfrist: <\/strong>5.aug. 2026 med indbetaling. (Kontakt mig for ratebetaling)<br \/><strong>Tilmelding:<\/strong> Via webshoppen. (Din tilmelding er f\u00f8rst g\u00e6ldende n\u00e5r din betaling er modtaget)<\/p>\n","protected":false},"featured_media":1025,"template":"","meta":{"_kad_post_transparent":"","_kad_post_title":"","_kad_post_layout":"","_kad_post_sidebar_id":"","_kad_post_content_style":"","_kad_post_vertical_padding":"","_kad_post_feature":"","_kad_post_feature_position":"","_kad_post_header":false,"_kad_post_footer":false,"_kad_post_classname":""},"product_brand":[],"product_cat":[51],"product_tag":[],"class_list":{"0":"post-608","1":"product","2":"type-product","3":"status-publish","4":"has-post-thumbnail","6":"product_cat-traening-og-workshop","8":"first","9":"instock","10":"virtual","11":"taxable","12":"purchasable","13":"product-type-simple","14":"entry","15":"content-bg","16":"loop-entry"},"yoast_head":"<!-- This site is optimized with the Yoast SEO plugin v27.5 - https:\/\/yoast.com\/product\/yoast-seo-wordpress\/ -->\n<title>Clairvoyance og Afd\u00f8dekontakt \/ \u00d8vet \/ Efer\u00e5rshold 2026 \/ Odense - Klar til healing<\/title>\n<meta name=\"description\" content=\"Clairvoyance og Afd\u00f8dekontakt \/ \u00d8vet \/ Efer\u00e5rshold 2026 \/ Odense Klar til healing %\" \/>\n<meta name=\"robots\" content=\"index, follow, max-snippet:-1, max-image-preview:large, max-video-preview:-1\" \/>\n<link rel=\"canonical\" href=\"https:\/\/www.klartilhealing.dk\/index.php\/vare\/clairvoyanceafdoedeforloeb_2026\/\" \/>\n<meta property=\"og:locale\" content=\"da_DK\" \/>\n<meta property=\"og:type\" content=\"article\" \/>\n<meta property=\"og:title\" content=\"Clairvoyance og Afd\u00f8dekontakt \/ \u00d8vet \/ Efer\u00e5rshold 2026 \/ Odense - Klar til healing\" \/>\n<meta property=\"og:description\" content=\"Clairvoyance og Afd\u00f8dekontakt \/ \u00d8vet \/ Efer\u00e5rshold 2026 \/ Odense Klar til healing %\" \/>\n<meta property=\"og:url\" content=\"https:\/\/www.klartilhealing.dk\/index.php\/vare\/clairvoyanceafdoedeforloeb_2026\/\" \/>\n<meta property=\"og:site_name\" content=\"Klar til healing\" \/>\n<meta property=\"article:publisher\" content=\"https:\/\/www.facebook.com\/klartilhealing\" \/>\n<meta property=\"article:modified_time\" content=\"2026-04-29T13:45:05+00:00\" \/>\n<meta property=\"og:image\" content=\"https:\/\/www.klartilhealing.dk\/wp-content\/uploads\/2024\/05\/Blomst.jpg\" \/>\n\t<meta property=\"og:image:width\" content=\"600\" \/>\n\t<meta property=\"og:image:height\" content=\"600\" \/>\n\t<meta property=\"og:image:type\" content=\"image\/jpeg\" \/>\n<meta name=\"twitter:card\" content=\"summary_large_image\" \/>\n<meta name=\"twitter:label1\" content=\"Estimeret l\u00e6setid\" \/>\n\t<meta name=\"twitter:data1\" content=\"2 minutter\" \/>\n<script type=\"application\/ld+json\" class=\"yoast-schema-graph\">{\"@context\":\"https:\\\/\\\/schema.org\",\"@graph\":[{\"@type\":\"WebPage\",\"@id\":\"https:\\\/\\\/www.klartilhealing.dk\\\/index.php\\\/vare\\\/clairvoyanceafdoedeforloeb_2026\\\/\",\"url\":\"https:\\\/\\\/www.klartilhealing.dk\\\/index.php\\\/vare\\\/clairvoyanceafdoedeforloeb_2026\\\/\",\"name\":\"Clairvoyance og Afd\u00f8dekontakt \\\/ \u00d8vet \\\/ Efer\u00e5rshold 2026 \\\/ Odense - Klar til healing\",\"isPartOf\":{\"@id\":\"https:\\\/\\\/www.klartilhealing.dk\\\/#website\"},\"primaryImageOfPage\":{\"@id\":\"https:\\\/\\\/www.klartilhealing.dk\\\/index.php\\\/vare\\\/clairvoyanceafdoedeforloeb_2026\\\/#primaryimage\"},\"image\":{\"@id\":\"https:\\\/\\\/www.klartilhealing.dk\\\/index.php\\\/vare\\\/clairvoyanceafdoedeforloeb_2026\\\/#primaryimage\"},\"thumbnailUrl\":\"https:\\\/\\\/www.klartilhealing.dk\\\/wp-content\\\/uploads\\\/2024\\\/05\\\/Blomst.jpg\",\"datePublished\":\"2024-05-24T17:03:13+00:00\",\"dateModified\":\"2026-04-29T13:45:05+00:00\",\"description\":\"Clairvoyance og Afd\u00f8dekontakt \\\/ \u00d8vet \\\/ Efer\u00e5rshold 2026 \\\/ Odense Klar til healing %\",\"breadcrumb\":{\"@id\":\"https:\\\/\\\/www.klartilhealing.dk\\\/index.php\\\/vare\\\/clairvoyanceafdoedeforloeb_2026\\\/#breadcrumb\"},\"inLanguage\":\"da-DK\",\"potentialAction\":[{\"@type\":\"ReadAction\",\"target\":[\"https:\\\/\\\/www.klartilhealing.dk\\\/index.php\\\/vare\\\/clairvoyanceafdoedeforloeb_2026\\\/\"]}]},{\"@type\":\"ImageObject\",\"inLanguage\":\"da-DK\",\"@id\":\"https:\\\/\\\/www.klartilhealing.dk\\\/index.php\\\/vare\\\/clairvoyanceafdoedeforloeb_2026\\\/#primaryimage\",\"url\":\"https:\\\/\\\/www.klartilhealing.dk\\\/wp-content\\\/uploads\\\/2024\\\/05\\\/Blomst.jpg\",\"contentUrl\":\"https:\\\/\\\/www.klartilhealing.dk\\\/wp-content\\\/uploads\\\/2024\\\/05\\\/Blomst.jpg\",\"width\":600,\"height\":600,\"caption\":\"Plante med hvide blomster\"},{\"@type\":\"BreadcrumbList\",\"@id\":\"https:\\\/\\\/www.klartilhealing.dk\\\/index.php\\\/vare\\\/clairvoyanceafdoedeforloeb_2026\\\/#breadcrumb\",\"itemListElement\":[{\"@type\":\"ListItem\",\"position\":1,\"name\":\"Hjem\",\"item\":\"https:\\\/\\\/www.klartilhealing.dk\\\/\"},{\"@type\":\"ListItem\",\"position\":2,\"name\":\"BUTIK\",\"item\":\"https:\\\/\\\/www.klartilhealing.dk\\\/index.php\\\/butik\\\/\"},{\"@type\":\"ListItem\",\"position\":3,\"name\":\"Clairvoyance og Afd\u00f8dekontakt \\\/ \u00d8vet \\\/ Efer\u00e5rshold 2026 \\\/ Odense\"}]},{\"@type\":\"WebSite\",\"@id\":\"https:\\\/\\\/www.klartilhealing.dk\\\/#website\",\"url\":\"https:\\\/\\\/www.klartilhealing.dk\\\/\",\"name\":\"Klar til healing\",\"description\":\"Christina Diddi Adolph\",\"publisher\":{\"@id\":\"https:\\\/\\\/www.klartilhealing.dk\\\/#organization\"},\"potentialAction\":[{\"@type\":\"SearchAction\",\"target\":{\"@type\":\"EntryPoint\",\"urlTemplate\":\"https:\\\/\\\/www.klartilhealing.dk\\\/?s={search_term_string}\"},\"query-input\":{\"@type\":\"PropertyValueSpecification\",\"valueRequired\":true,\"valueName\":\"search_term_string\"}}],\"inLanguage\":\"da-DK\"},{\"@type\":\"Organization\",\"@id\":\"https:\\\/\\\/www.klartilhealing.dk\\\/#organization\",\"name\":\"Klar til healing\",\"alternateName\":\"Christina Diddi Adolph\",\"url\":\"https:\\\/\\\/www.klartilhealing.dk\\\/\",\"logo\":{\"@type\":\"ImageObject\",\"inLanguage\":\"da-DK\",\"@id\":\"https:\\\/\\\/www.klartilhealing.dk\\\/#\\\/schema\\\/logo\\\/image\\\/\",\"url\":\"https:\\\/\\\/www.klartilhealing.dk\\\/wp-content\\\/uploads\\\/2024\\\/05\\\/cropped-Transperant-logo-med-prikker.png\",\"contentUrl\":\"https:\\\/\\\/www.klartilhealing.dk\\\/wp-content\\\/uploads\\\/2024\\\/05\\\/cropped-Transperant-logo-med-prikker.png\",\"width\":512,\"height\":512,\"caption\":\"Klar til healing\"},\"image\":{\"@id\":\"https:\\\/\\\/www.klartilhealing.dk\\\/#\\\/schema\\\/logo\\\/image\\\/\"},\"sameAs\":[\"https:\\\/\\\/www.facebook.com\\\/klartilhealing\"]}]}<\/script>\n<!-- \/ Yoast SEO plugin. -->","yoast_head_json":{"title":"Clairvoyance og Afd\u00f8dekontakt \/ \u00d8vet \/ Efer\u00e5rshold 2026 \/ Odense - Klar til healing","description":"Clairvoyance og Afd\u00f8dekontakt \/ \u00d8vet \/ Efer\u00e5rshold 2026 \/ Odense Klar til healing %","robots":{"index":"index","follow":"follow","max-snippet":"max-snippet:-1","max-image-preview":"max-image-preview:large","max-video-preview":"max-video-preview:-1"},"canonical":"https:\/\/www.klartilhealing.dk\/index.php\/vare\/clairvoyanceafdoedeforloeb_2026\/","og_locale":"da_DK","og_type":"article","og_title":"Clairvoyance og Afd\u00f8dekontakt \/ \u00d8vet \/ Efer\u00e5rshold 2026 \/ Odense - Klar til healing","og_description":"Clairvoyance og Afd\u00f8dekontakt \/ \u00d8vet \/ Efer\u00e5rshold 2026 \/ Odense Klar til healing %","og_url":"https:\/\/www.klartilhealing.dk\/index.php\/vare\/clairvoyanceafdoedeforloeb_2026\/","og_site_name":"Klar til healing","article_publisher":"https:\/\/www.facebook.com\/klartilhealing","article_modified_time":"2026-04-29T13:45:05+00:00","og_image":[{"width":600,"height":600,"url":"https:\/\/www.klartilhealing.dk\/wp-content\/uploads\/2024\/05\/Blomst.jpg","type":"image\/jpeg"}],"twitter_card":"summary_large_image","twitter_misc":{"Estimeret l\u00e6setid":"2 minutter"},"schema":{"@context":"https:\/\/schema.org","@graph":[{"@type":"WebPage","@id":"https:\/\/www.klartilhealing.dk\/index.php\/vare\/clairvoyanceafdoedeforloeb_2026\/","url":"https:\/\/www.klartilhealing.dk\/index.php\/vare\/clairvoyanceafdoedeforloeb_2026\/","name":"Clairvoyance og Afd\u00f8dekontakt \/ \u00d8vet \/ Efer\u00e5rshold 2026 \/ Odense - Klar til healing","isPartOf":{"@id":"https:\/\/www.klartilhealing.dk\/#website"},"primaryImageOfPage":{"@id":"https:\/\/www.klartilhealing.dk\/index.php\/vare\/clairvoyanceafdoedeforloeb_2026\/#primaryimage"},"image":{"@id":"https:\/\/www.klartilhealing.dk\/index.php\/vare\/clairvoyanceafdoedeforloeb_2026\/#primaryimage"},"thumbnailUrl":"https:\/\/www.klartilhealing.dk\/wp-content\/uploads\/2024\/05\/Blomst.jpg","datePublished":"2024-05-24T17:03:13+00:00","dateModified":"2026-04-29T13:45:05+00:00","description":"Clairvoyance og Afd\u00f8dekontakt \/ \u00d8vet \/ Efer\u00e5rshold 2026 \/ Odense Klar til healing %","breadcrumb":{"@id":"https:\/\/www.klartilhealing.dk\/index.php\/vare\/clairvoyanceafdoedeforloeb_2026\/#breadcrumb"},"inLanguage":"da-DK","potentialAction":[{"@type":"ReadAction","target":["https:\/\/www.klartilhealing.dk\/index.php\/vare\/clairvoyanceafdoedeforloeb_2026\/"]}]},{"@type":"ImageObject","inLanguage":"da-DK","@id":"https:\/\/www.klartilhealing.dk\/index.php\/vare\/clairvoyanceafdoedeforloeb_2026\/#primaryimage","url":"https:\/\/www.klartilhealing.dk\/wp-content\/uploads\/2024\/05\/Blomst.jpg","contentUrl":"https:\/\/www.klartilhealing.dk\/wp-content\/uploads\/2024\/05\/Blomst.jpg","width":600,"height":600,"caption":"Plante med hvide blomster"},{"@type":"BreadcrumbList","@id":"https:\/\/www.klartilhealing.dk\/index.php\/vare\/clairvoyanceafdoedeforloeb_2026\/#breadcrumb","itemListElement":[{"@type":"ListItem","position":1,"name":"Hjem","item":"https:\/\/www.klartilhealing.dk\/"},{"@type":"ListItem","position":2,"name":"BUTIK","item":"https:\/\/www.klartilhealing.dk\/index.php\/butik\/"},{"@type":"ListItem","position":3,"name":"Clairvoyance og Afd\u00f8dekontakt \/ \u00d8vet \/ Efer\u00e5rshold 2026 \/ Odense"}]},{"@type":"WebSite","@id":"https:\/\/www.klartilhealing.dk\/#website","url":"https:\/\/www.klartilhealing.dk\/","name":"Klar til healing","description":"Christina Diddi Adolph","publisher":{"@id":"https:\/\/www.klartilhealing.dk\/#organization"},"potentialAction":[{"@type":"SearchAction","target":{"@type":"EntryPoint","urlTemplate":"https:\/\/www.klartilhealing.dk\/?s={search_term_string}"},"query-input":{"@type":"PropertyValueSpecification","valueRequired":true,"valueName":"search_term_string"}}],"inLanguage":"da-DK"},{"@type":"Organization","@id":"https:\/\/www.klartilhealing.dk\/#organization","name":"Klar til healing","alternateName":"Christina Diddi Adolph","url":"https:\/\/www.klartilhealing.dk\/","logo":{"@type":"ImageObject","inLanguage":"da-DK","@id":"https:\/\/www.klartilhealing.dk\/#\/schema\/logo\/image\/","url":"https:\/\/www.klartilhealing.dk\/wp-content\/uploads\/2024\/05\/cropped-Transperant-logo-med-prikker.png","contentUrl":"https:\/\/www.klartilhealing.dk\/wp-content\/uploads\/2024\/05\/cropped-Transperant-logo-med-prikker.png","width":512,"height":512,"caption":"Klar til healing"},"image":{"@id":"https:\/\/www.klartilhealing.dk\/#\/schema\/logo\/image\/"},"sameAs":["https:\/\/www.facebook.com\/klartilhealing"]}]}},"_links":{"self":[{"href":"https:\/\/www.klartilhealing.dk\/index.php\/wp-json\/wp\/v2\/product\/608","targetHints":{"allow":["GET"]}}],"collection":[{"href":"https:\/\/www.klartilhealing.dk\/index.php\/wp-json\/wp\/v2\/product"}],"about":[{"href":"https:\/\/www.klartilhealing.dk\/index.php\/wp-json\/wp\/v2\/types\/product"}],"wp:featuredmedia":[{"embeddable":true,"href":"https:\/\/www.klartilhealing.dk\/index.php\/wp-json\/wp\/v2\/media\/1025"}],"wp:attachment":[{"href":"https:\/\/www.klartilhealing.dk\/index.php\/wp-json\/wp\/v2\/media?parent=608"}],"wp:term":[{"taxonomy":"product_brand","embeddable":true,"href":"https:\/\/www.klartilhealing.dk\/index.php\/wp-json\/wp\/v2\/product_brand?post=608"},{"taxonomy":"product_cat","embeddable":true,"href":"https:\/\/www.klartilhealing.dk\/index.php\/wp-json\/wp\/v2\/product_cat?post=608"},{"taxonomy":"product_tag","embeddable":true,"href":"https:\/\/www.klartilhealing.dk\/index.php\/wp-json\/wp\/v2\/product_tag?post=608"}],"curies":[{"name":"wp","href":"https:\/\/api.w.org\/{rel}","templated":true}]}}