{"id":245,"date":"2024-05-05T19:13:19","date_gmt":"2024-05-05T17:13:19","guid":{"rendered":"https:\/\/www.klartilhealing.dk\/?page_id=245"},"modified":"2025-05-02T15:15:29","modified_gmt":"2025-05-02T13:15:29","slug":"kunde-rettigheder-ved-koeb-hos-klar-til-healing-dk","status":"publish","type":"page","link":"https:\/\/www.klartilhealing.dk\/index.php\/kunde-rettigheder-ved-koeb-hos-klar-til-healing-dk\/","title":{"rendered":"Handelsbetingelser"},"content":{"rendered":"\n<div style=\"height:29px\" aria-hidden=\"true\" class=\"wp-block-spacer\"><\/div>\n\n\n\n<h1 class=\"wp-block-heading\">Kunde-rettigheder ved k\u00f8b hos Klar til Healing.dk<\/h1>\n\n\n\n<p><strong>Betaling<\/strong><br>Betaling kan ske med bankoverf\u00f8rsel.<br>Forsendelse sker i det \u00f8jeblik pengene er modtaget. <br><strong><br>Forsendelse og levering<\/strong><br>Alle mindre forsendelser (max. 5 kg) sker prim\u00e6rt med DAO, og du modtager en mail, n\u00e5r din vare er afsendt.<br>Varerne bliver oftest sendt inden for 1-2 hverdage, med mindre, at de er i restordre. Her vil du modtage en mail med n\u00e6rmere konditioner og levereringstid.<\/p>\n\n\n\n<p>Fragtpris &#8211; Danmark<br>Fast pris p\u00e5 kr. 55,- for pakning og forsendelse.<br>Afhenter du varerne i Odense M, er fragten ikke p\u00e5lagt. <\/p>\n\n\n\n<p><br><strong>Bytning af varer<\/strong><br>Skal du have en vare byttet, sender du varen retur sammen med informationer om hvilke varer, du skal have byttet til. <br>Mail til os (<a href=\"mailto:info@klartilhealing.dk\">info@klartilhealing.dk<\/a>), s\u00e5 vi kan blive enige om n\u00e6ste skridt. <br><br>Hvis du skal have din vare byttet, skal du selv betale forsendelsesomkostningerne ved returneringen og sikre dig, at varen ankommer p\u00e5 f\u00f8lgende adresse: <br>Christina Diddi Adolph<br>Eckersbergsvej 29, <br>5230 Odense M<br>Du er ogs\u00e5 velkommen til at aflevere dem personligt p\u00e5 adressen og f\u00e5 den nye vare retur. Aftal n\u00e6rmere i dette tilf\u00e6lde ved at kontakte mig. <\/p>\n\n\n\n<p><strong>De 14 dages fortrydelsesret &#8211; fysiske varer<\/strong><br>Du har som forbruger i forbrugerk\u00f8b 14-dages fortrydelsesret efter forbrugeraftaleloven.<br>Fortrydelsesretten g\u00e6lder kun for fysiske varer k\u00f8bt i shoppen.<br>Fortrydelsesretten betyder ikke, at du har en ubetinget ret til at f\u00e5 det fulde bel\u00f8b for varen retur.<br>Hvis varen er blevet h\u00e5ndteret p\u00e5 en s\u00e5dan m\u00e5de, at den ikke har nogen v\u00e6rdi, vil du ikke have krav p\u00e5 at f\u00e5 k\u00f8besummen retur.<br>For at f\u00e5 den fulde k\u00f8besum retur, m\u00e5 varen kun v\u00e6re brugt i s\u00e5dan grad, som er accepteret inden k\u00f8bet i en almindelig fysisk butik.<br>F\u00f8r du sender en vare retur, skal du derfor g\u00f8re dig klart, om en almindelig butik ville acceptere den benyttelse af varen, den har v\u00e6ret udsat for.<br>Du har alts\u00e5 ret til at se varen an og afpr\u00f8ve visse funktioner. Derimod vil returbel\u00f8bet kunne neds\u00e6ttes, s\u00e5fremt varen har v\u00e6ret brugt i en l\u00e6ngerevarende periode eller i det hele taget viser tegn p\u00e5 slid.<br><\/p>\n\n\n\n<p><strong>Udnyttelse af fortrydelsesretten &#8211; kun fysiske varer <\/strong><br>\u00d8nsker du at g\u00f8re brug af din 14-dages fortrydelsesret, skal du meddele dette senest 14 dage efter den dag, hvor du har modtaget varen.<br>Meddelelsen skal gives i form af en utvetydig erkl\u00e6ring p\u00e5 e-mail til\u00a0<a href=\"mailto:info@klartilhealing.dk\">info@klartilhealing.dk<\/a>.<br>Det er alts\u00e5 ikke nok, at du giver meddelelse om udnyttelse af fortrydelsesretten over telefonen.<br><br>\u00d8nsker du, at benytte din fortrydelsesret skal varen sendes tilbage indenfor 2 uger fra modtagelsen til postadresse:<br><em>Christina Diddi Adolph<br>Eckersbergsvej 29, <br>5230 Odense M<\/em><br>Vi g\u00f8r opm\u00e6rksom p\u00e5, at vi ikke udbetaler kontant, men via bankoverf\u00f8rsel n\u00e5r varen er modtaget og beset.<\/p>\n\n\n\n<p><strong><br>Reklamationsret<\/strong><br>Fysiske varer: Som forbruger har du 2 \u00e5rs reklamationsret, hvilket betyder, at du enten kan f\u00e5 varen repareret, ombyttet, pengene tilbage eller afslag i prisen, afh\u00e6ngig af den konkrete situation. Dette betinger selvf\u00f8lgelig at reklamationen er berettiget.<br>Ved formidlinger, er der ikke denne returret efterf\u00f8lgende. Til geng\u00e6ld har du og jeg mulighed for at stoppe l\u00e6sningen indenfor de f\u00f8rste 15 min. hvis du eller jeg ikke mener at det er dine energier jeg har fat i. <\/p>\n\n\n\n<p><strong><br>Registrering af oplysninger<\/strong><br>N\u00e5r du afgiver oplysninger om dig selv til klartilhealing.dk &#8211; for eksempel dit navn, din e-mail, din adresse eller dit telefonnummer &#8211; tager jeg naturligvis beskyttelsen af dine oplysninger meget seri\u00f8st. Klartilhealing.dk registrerer dit navn og din adresse samt faktura i sit kundekartotek i forbindelse med k\u00f8bet. Oplysningerne videregives ikke til tredje part.<br><br><strong><br>Forbehold for prisfejl, udsolgte varer mv.<\/strong><br>Klartilhealing.dk tager forbehold for udsolgte varer, trykfejl, pris\u00e6ndringer mm.<br>Alle priser er eksklusiv 25 pct. moms. <br>Forsendelse af fysiske varer p\u00e5l\u00e6gges p\u00e5 55,- kr. som till\u00e6gges k\u00f8bet.<\/p>\n\n\n\n<p><br><strong>Ansvar<\/strong><br>For at handle hos klartilhealing.dk skal du v\u00e6re minimum 18 \u00e5r og indforst\u00e5et med ovenn\u00e6vnte handelsbetingelser.<br>Klartilhealing.dk er ikke ansvarlig for eventuelle forsinkelser hos DAO eller anden transportleverand\u00f8r, hvis dette v\u00e6lges.<br>Klartilhealing.dk er underlagt de til enhver tid g\u00e6ldende love og regler om produktansvar i Danmark.<br>Eventuelle tvister og s\u00f8gsm\u00e5l skal afg\u00f8res af danske domstole iht. dansk ret.<\/p>\n\n\n\n<div style=\"height:31px\" aria-hidden=\"true\" class=\"wp-block-spacer\"><\/div>\n","protected":false},"excerpt":{"rendered":"<p>Kunde-rettigheder ved k\u00f8b hos Klar til Healing.dk BetalingBetaling kan ske med bankoverf\u00f8rsel.Forsendelse sker i det \u00f8jeblik pengene er modtaget. Forsendelse og leveringAlle mindre forsendelser (max. 5 kg) sker prim\u00e6rt med DAO, og du modtager en mail, n\u00e5r din vare er afsendt.Varerne bliver oftest sendt inden for 1-2 hverdage, med mindre, at de er i restordre&#8230;.<\/p>\n","protected":false},"author":1,"featured_media":0,"parent":0,"menu_order":0,"comment_status":"closed","ping_status":"closed","template":"","meta":{"_kad_post_transparent":"","_kad_post_title":"","_kad_post_layout":"","_kad_post_sidebar_id":"","_kad_post_content_style":"","_kad_post_vertical_padding":"","_kad_post_feature":"","_kad_post_feature_position":"","_kad_post_header":false,"_kad_post_footer":false,"_kad_post_classname":"","footnotes":""},"class_list":["post-245","page","type-page","status-publish","hentry"],"yoast_head":"<!-- This site is optimized with the Yoast SEO plugin v27.3 - https:\/\/yoast.com\/product\/yoast-seo-wordpress\/ -->\n<title>Handelsbetingelser - Klar til healing<\/title>\n<meta name=\"description\" content=\"Handelsbetingelser Klar til healing\" \/>\n<meta name=\"robots\" content=\"index, follow, max-snippet:-1, max-image-preview:large, max-video-preview:-1\" \/>\n<link rel=\"canonical\" href=\"https:\/\/www.klartilhealing.dk\/index.php\/kunde-rettigheder-ved-koeb-hos-klar-til-healing-dk\/\" \/>\n<meta property=\"og:locale\" content=\"da_DK\" \/>\n<meta property=\"og:type\" content=\"article\" \/>\n<meta property=\"og:title\" content=\"Handelsbetingelser - Klar til healing\" \/>\n<meta property=\"og:description\" content=\"Handelsbetingelser Klar til healing\" \/>\n<meta property=\"og:url\" content=\"https:\/\/www.klartilhealing.dk\/index.php\/kunde-rettigheder-ved-koeb-hos-klar-til-healing-dk\/\" \/>\n<meta property=\"og:site_name\" content=\"Klar til healing\" \/>\n<meta property=\"article:publisher\" content=\"https:\/\/www.facebook.com\/klartilhealing\" \/>\n<meta property=\"article:modified_time\" content=\"2025-05-02T13:15:29+00:00\" \/>\n<meta name=\"twitter:card\" content=\"summary_large_image\" \/>\n<meta name=\"twitter:label1\" content=\"Estimeret l\u00e6setid\" \/>\n\t<meta name=\"twitter:data1\" content=\"4 minutter\" \/>\n<script type=\"application\/ld+json\" class=\"yoast-schema-graph\">{\"@context\":\"https:\\\/\\\/schema.org\",\"@graph\":[{\"@type\":\"WebPage\",\"@id\":\"https:\\\/\\\/www.klartilhealing.dk\\\/index.php\\\/kunde-rettigheder-ved-koeb-hos-klar-til-healing-dk\\\/\",\"url\":\"https:\\\/\\\/www.klartilhealing.dk\\\/index.php\\\/kunde-rettigheder-ved-koeb-hos-klar-til-healing-dk\\\/\",\"name\":\"Handelsbetingelser - Klar til healing\",\"isPartOf\":{\"@id\":\"https:\\\/\\\/www.klartilhealing.dk\\\/#website\"},\"datePublished\":\"2024-05-05T17:13:19+00:00\",\"dateModified\":\"2025-05-02T13:15:29+00:00\",\"description\":\"Handelsbetingelser Klar til healing\",\"breadcrumb\":{\"@id\":\"https:\\\/\\\/www.klartilhealing.dk\\\/index.php\\\/kunde-rettigheder-ved-koeb-hos-klar-til-healing-dk\\\/#breadcrumb\"},\"inLanguage\":\"da-DK\",\"potentialAction\":[{\"@type\":\"ReadAction\",\"target\":[\"https:\\\/\\\/www.klartilhealing.dk\\\/index.php\\\/kunde-rettigheder-ved-koeb-hos-klar-til-healing-dk\\\/\"]}]},{\"@type\":\"BreadcrumbList\",\"@id\":\"https:\\\/\\\/www.klartilhealing.dk\\\/index.php\\\/kunde-rettigheder-ved-koeb-hos-klar-til-healing-dk\\\/#breadcrumb\",\"itemListElement\":[{\"@type\":\"ListItem\",\"position\":1,\"name\":\"Hjem\",\"item\":\"https:\\\/\\\/www.klartilhealing.dk\\\/\"},{\"@type\":\"ListItem\",\"position\":2,\"name\":\"Handelsbetingelser\"}]},{\"@type\":\"WebSite\",\"@id\":\"https:\\\/\\\/www.klartilhealing.dk\\\/#website\",\"url\":\"https:\\\/\\\/www.klartilhealing.dk\\\/\",\"name\":\"Klar til healing\",\"description\":\"Christina Diddi Adolph\",\"publisher\":{\"@id\":\"https:\\\/\\\/www.klartilhealing.dk\\\/#organization\"},\"potentialAction\":[{\"@type\":\"SearchAction\",\"target\":{\"@type\":\"EntryPoint\",\"urlTemplate\":\"https:\\\/\\\/www.klartilhealing.dk\\\/?s={search_term_string}\"},\"query-input\":{\"@type\":\"PropertyValueSpecification\",\"valueRequired\":true,\"valueName\":\"search_term_string\"}}],\"inLanguage\":\"da-DK\"},{\"@type\":\"Organization\",\"@id\":\"https:\\\/\\\/www.klartilhealing.dk\\\/#organization\",\"name\":\"Klar til healing\",\"alternateName\":\"Christina Diddi Adolph\",\"url\":\"https:\\\/\\\/www.klartilhealing.dk\\\/\",\"logo\":{\"@type\":\"ImageObject\",\"inLanguage\":\"da-DK\",\"@id\":\"https:\\\/\\\/www.klartilhealing.dk\\\/#\\\/schema\\\/logo\\\/image\\\/\",\"url\":\"https:\\\/\\\/www.klartilhealing.dk\\\/wp-content\\\/uploads\\\/2024\\\/05\\\/cropped-Transperant-logo-med-prikker.png\",\"contentUrl\":\"https:\\\/\\\/www.klartilhealing.dk\\\/wp-content\\\/uploads\\\/2024\\\/05\\\/cropped-Transperant-logo-med-prikker.png\",\"width\":512,\"height\":512,\"caption\":\"Klar til healing\"},\"image\":{\"@id\":\"https:\\\/\\\/www.klartilhealing.dk\\\/#\\\/schema\\\/logo\\\/image\\\/\"},\"sameAs\":[\"https:\\\/\\\/www.facebook.com\\\/klartilhealing\"]}]}<\/script>\n<!-- \/ Yoast SEO plugin. -->","yoast_head_json":{"title":"Handelsbetingelser - Klar til healing","description":"Handelsbetingelser Klar til healing","robots":{"index":"index","follow":"follow","max-snippet":"max-snippet:-1","max-image-preview":"max-image-preview:large","max-video-preview":"max-video-preview:-1"},"canonical":"https:\/\/www.klartilhealing.dk\/index.php\/kunde-rettigheder-ved-koeb-hos-klar-til-healing-dk\/","og_locale":"da_DK","og_type":"article","og_title":"Handelsbetingelser - Klar til healing","og_description":"Handelsbetingelser Klar til healing","og_url":"https:\/\/www.klartilhealing.dk\/index.php\/kunde-rettigheder-ved-koeb-hos-klar-til-healing-dk\/","og_site_name":"Klar til healing","article_publisher":"https:\/\/www.facebook.com\/klartilhealing","article_modified_time":"2025-05-02T13:15:29+00:00","twitter_card":"summary_large_image","twitter_misc":{"Estimeret l\u00e6setid":"4 minutter"},"schema":{"@context":"https:\/\/schema.org","@graph":[{"@type":"WebPage","@id":"https:\/\/www.klartilhealing.dk\/index.php\/kunde-rettigheder-ved-koeb-hos-klar-til-healing-dk\/","url":"https:\/\/www.klartilhealing.dk\/index.php\/kunde-rettigheder-ved-koeb-hos-klar-til-healing-dk\/","name":"Handelsbetingelser - Klar til healing","isPartOf":{"@id":"https:\/\/www.klartilhealing.dk\/#website"},"datePublished":"2024-05-05T17:13:19+00:00","dateModified":"2025-05-02T13:15:29+00:00","description":"Handelsbetingelser Klar til healing","breadcrumb":{"@id":"https:\/\/www.klartilhealing.dk\/index.php\/kunde-rettigheder-ved-koeb-hos-klar-til-healing-dk\/#breadcrumb"},"inLanguage":"da-DK","potentialAction":[{"@type":"ReadAction","target":["https:\/\/www.klartilhealing.dk\/index.php\/kunde-rettigheder-ved-koeb-hos-klar-til-healing-dk\/"]}]},{"@type":"BreadcrumbList","@id":"https:\/\/www.klartilhealing.dk\/index.php\/kunde-rettigheder-ved-koeb-hos-klar-til-healing-dk\/#breadcrumb","itemListElement":[{"@type":"ListItem","position":1,"name":"Hjem","item":"https:\/\/www.klartilhealing.dk\/"},{"@type":"ListItem","position":2,"name":"Handelsbetingelser"}]},{"@type":"WebSite","@id":"https:\/\/www.klartilhealing.dk\/#website","url":"https:\/\/www.klartilhealing.dk\/","name":"Klar til healing","description":"Christina Diddi Adolph","publisher":{"@id":"https:\/\/www.klartilhealing.dk\/#organization"},"potentialAction":[{"@type":"SearchAction","target":{"@type":"EntryPoint","urlTemplate":"https:\/\/www.klartilhealing.dk\/?s={search_term_string}"},"query-input":{"@type":"PropertyValueSpecification","valueRequired":true,"valueName":"search_term_string"}}],"inLanguage":"da-DK"},{"@type":"Organization","@id":"https:\/\/www.klartilhealing.dk\/#organization","name":"Klar til healing","alternateName":"Christina Diddi Adolph","url":"https:\/\/www.klartilhealing.dk\/","logo":{"@type":"ImageObject","inLanguage":"da-DK","@id":"https:\/\/www.klartilhealing.dk\/#\/schema\/logo\/image\/","url":"https:\/\/www.klartilhealing.dk\/wp-content\/uploads\/2024\/05\/cropped-Transperant-logo-med-prikker.png","contentUrl":"https:\/\/www.klartilhealing.dk\/wp-content\/uploads\/2024\/05\/cropped-Transperant-logo-med-prikker.png","width":512,"height":512,"caption":"Klar til healing"},"image":{"@id":"https:\/\/www.klartilhealing.dk\/#\/schema\/logo\/image\/"},"sameAs":["https:\/\/www.facebook.com\/klartilhealing"]}]}},"_links":{"self":[{"href":"https:\/\/www.klartilhealing.dk\/index.php\/wp-json\/wp\/v2\/pages\/245","targetHints":{"allow":["GET"]}}],"collection":[{"href":"https:\/\/www.klartilhealing.dk\/index.php\/wp-json\/wp\/v2\/pages"}],"about":[{"href":"https:\/\/www.klartilhealing.dk\/index.php\/wp-json\/wp\/v2\/types\/page"}],"author":[{"embeddable":true,"href":"https:\/\/www.klartilhealing.dk\/index.php\/wp-json\/wp\/v2\/users\/1"}],"replies":[{"embeddable":true,"href":"https:\/\/www.klartilhealing.dk\/index.php\/wp-json\/wp\/v2\/comments?post=245"}],"version-history":[{"count":1,"href":"https:\/\/www.klartilhealing.dk\/index.php\/wp-json\/wp\/v2\/pages\/245\/revisions"}],"predecessor-version":[{"id":1319,"href":"https:\/\/www.klartilhealing.dk\/index.php\/wp-json\/wp\/v2\/pages\/245\/revisions\/1319"}],"wp:attachment":[{"href":"https:\/\/www.klartilhealing.dk\/index.php\/wp-json\/wp\/v2\/media?parent=245"}],"curies":[{"name":"wp","href":"https:\/\/api.w.org\/{rel}","templated":true}]}}